{"id":3630,"date":"2019-07-26T09:58:56","date_gmt":"2019-07-26T09:58:56","guid":{"rendered":"https:\/\/esalab.es\/?page_id=3630"},"modified":"2019-07-29T10:40:26","modified_gmt":"2019-07-29T10:40:26","slug":"books-2","status":"publish","type":"page","link":"https:\/\/esalab.es\/en\/books-2\/","title":{"rendered":"Books"},"content":{"rendered":"<p><section class=\"kc-elm kc-css-131850 kc_row\"><div class=\"kc-row-container  kc-container\"><div class=\"kc-wrap-columns\"><div class=\"kc-elm kc-css-592760 kc_col-sm-4 kc_column kc_col-sm-4\"><div class=\"kc-col-container\">\n<div class=\"kc-elm kc-css-718490 kc-title-wrap \">\n\n\t<h2 class=\"kc_title page-title font-md lil-line\">ESALab: referent in publications in books of the sector.<\/h2>\n<\/div>\n<\/div><\/div><div class=\"kc-elm kc-css-462052 kc_col-sm-8 kc_column kc_col-sm-8\"><div class=\"kc-col-container\"><div class=\"kc-elm kc-css-593927 kc_text_block\"><\/p>\n<p>Our research work takes us to the formalization of the results and conclusions of our studies and projects in reference documents for future interested in these lines of work. ESALAb becomes a remarkably fruitful research group in publications in books of relevance in the multiple research fields covered by our team.&nbsp;<\/p>\n<p>\n<\/div><\/div><\/div><\/div><\/div><\/section><section class=\"kc-elm kc-css-84825 kc_row\"><div class=\"kc-row-container  kc-container\"><div class=\"kc-wrap-columns\"><div class=\"kc-elm kc-css-405162 kc_col-sm-12 kc_column kc_col-sm-12\"><div class=\"kc-col-container\"><div class=\"sabbi-book_timeline-segment kc-elm kc-css-335763\" style=\"background-image: url(https:\/\/esalab.es\/wp-content\/uploads\/2017\/08\/booktimeline_bg-2.png)\">\n                    <ul class=\"sabbi-book_timeline list-unstyled\"><li><span class=\"year\">2018<\/span><ul class=\"book-list list-unstyled\"><li>\n                                    <figure><img decoding=\"async\" src=\"https:\/\/esalab.es\/wp-content\/uploads\/2019\/07\/978-3-319-98702-6.jpg\" class=\"img-responsive\" alt=\"\" \/><\/figure>\n                                    <div class=\"book-list-meta\">\n                                        <h3 class=\"book-list-title\"><a href=\"https:\/\/link.springer.com\/book\/10.1007\/978-3-319-98702-6\" target=\"_blank\">Practical Applications of Computational Biology and Bioinformatics, 12th International Conference<\/a> <\/h3>\n                                        <div class=\"book-list-brand\"><em>DOI: 10.1007\/978-3-319-98702-6<\/em><\/div>\n                                        <p class=\"book-author\">Florentino Fdez-Riverola, Mohd Saberi Mohamad, Miguel Rocha, Juan F. De Paz, Pascual Gonz\u00e1lez<\/p>\n                                    <\/div>\n                                <\/li><\/ul><\/li><li><span class=\"year\">2017<\/span><ul class=\"book-list list-unstyled\"><li>\n                                    <figure><img decoding=\"async\" src=\"https:\/\/esalab.es\/wp-content\/uploads\/2019\/07\/978-3-319-60816-7.jpg\" class=\"img-responsive\" alt=\"\" \/><\/figure>\n                                    <div class=\"book-list-meta\">\n                                        <h3 class=\"book-list-title\"><a href=\"https:\/\/link.springer.com\/book\/10.1007\/978-3-319-60816-7\" target=\"_blank\">11th International Conference on Practical Applications of Computational Biology &#038; Bioinformatics<\/a> <\/h3>\n                                        <div class=\"book-list-brand\"><em>DOI: 10.1007\/978-3-319-60816-7<\/em><\/div>\n                                        <p class=\"book-author\">Florentino Fdez-Riverola, Mohd Saberi Mohamad, Miguel Rocha, Juan F. De Paz, Tiago Pinto<\/p>\n                                    <\/div>\n                                <\/li><li>\n                                    <figure><img decoding=\"async\" src=\"https:\/\/esalab.es\/wp-content\/uploads\/2019\/07\/9783319611174.jpg\" class=\"img-responsive\" alt=\"\" \/><\/figure>\n                                    <div class=\"book-list-meta\">\n                                        <h3 class=\"book-list-title\"><a href=\"https:\/\/www.springer.com\/gp\/book\/9783319611174\" target=\"_blank\">Ambient Intelligence &#8211; Software and Applications. 8th International Symposium on Ambient Intelligence, ISAmI 2017<\/a> <\/h3>\n                                        <div class=\"book-list-brand\"><em>DOI: 10.1007\/978-3-319-61118-1<\/em><\/div>\n                                        <p class=\"book-author\">Juan F. De Paz, Vicente Juli\u00e1n, Gabriel Villarrubia, Goreti Marreiros, Paulo Novais<\/p>\n                                    <\/div>\n                                <\/li><\/ul><\/li><li><span class=\"year\">2016<\/span><ul class=\"book-list list-unstyled\"><li>\n                                    <figure><img decoding=\"async\" src=\"https:\/\/esalab.es\/wp-content\/uploads\/2019\/07\/9783319401133-1.jpg\" class=\"img-responsive\" alt=\"\" \/><\/figure>\n                                    <div class=\"book-list-meta\">\n                                        <h3 class=\"book-list-title\"><a href=\"https:\/\/www.springer.com\/gp\/book\/9783319401133\" target=\"_blank\">Ambient Intelligence &#8211; Software and Applications. 7th International Symposium on Ambient Intelligence, ISAmI 2016<\/a> <\/h3>\n                                        <div class=\"book-list-brand\"><em>DOI: 10.1007\/978-3-319-40114-0<\/em><\/div>\n                                        <p class=\"book-author\">Helena Lindgren, Juan F. De Paz, Paulo Novais, Antonio Fern\u00e1ndez-Caballero, Hyun Yoe, Andres Jim\u00e9nez-Ram\u00edrez, Gabriel Villarrubia<\/p>\n                                    <\/div>\n                                <\/li><li>\n                                    <figure><img decoding=\"async\" src=\"https:\/\/esalab.es\/wp-content\/uploads\/2019\/07\/9783319401256.jpg\" class=\"img-responsive\" alt=\"\" \/><\/figure>\n                                    <div class=\"book-list-meta\">\n                                        <h3 class=\"book-list-title\"><a href=\"https:\/\/www.springer.com\/gp\/book\/9783319401256\" target=\"_blank\">10th International Conference on Practical Applications of Computational Biology &#038; Bioinformatics<\/a> <\/h3>\n                                        <div class=\"book-list-brand\"><em>DOI: 10.1007\/978-3-319-40126-3<\/em><\/div>\n                                        <p class=\"book-author\">Mohd Saberi Mohamad, Miguel P. Rocha, Florentino Fdez-Riverola, Francisco J. Dom\u00ednguez Mayo, Juan F. De Paz<\/p>\n                                    <\/div>\n                                <\/li><li>\n                                    <figure><img decoding=\"async\" src=\"https:\/\/esalab.es\/wp-content\/uploads\/2019\/07\/s16134516.jpg\" class=\"img-responsive\" alt=\"\" \/><\/figure>\n                                    <div class=\"book-list-meta\">\n                                        <h3 class=\"book-list-title\"><a href=\"https:\/\/www.degruyter.com\/view\/j\/jib.2016.13.issue-2\/issue-files\/jib.2016.13.issue-2.xml\" target=\"_blank\">Selected extended papers of the 10th International Conference on Practical Applications of Computational Biology and Bioinformatics<\/a> <\/h3>\n                                        <div class=\"book-list-brand\"><em><\/em><\/div>\n                                        <p class=\"book-author\">Mohd Saberi Mohamad, Miguel P. Rocha, Florentino Fdez-Riverola, Francisco J. Dom\u00ednguez Mayo, Juan F. De Paz<\/p>\n                                    <\/div>\n                                <\/li><\/ul><\/li><li><span class=\"year\">2015<\/span><ul class=\"book-list list-unstyled\"><li>\n                                    <figure><img decoding=\"async\" src=\"https:\/\/esalab.es\/wp-content\/uploads\/2019\/07\/9783319197753.jpg\" class=\"img-responsive\" alt=\"\" \/><\/figure>\n                                    <div class=\"book-list-meta\">\n                                        <h3 class=\"book-list-title\"><a href=\"https:\/\/www.springer.com\/gp\/book\/9783319197753\" target=\"_blank\">9th International Conference on Practical Applications of Computational Biology and Bioinformatics<\/a> <\/h3>\n                                        <div class=\"book-list-brand\"><em><\/em><\/div>\n                                        <p class=\"book-author\">Ross Overbeek, Miguel P. Rocha, Florentino Fdez-Riverola, Juan F. De Paz<\/p>\n                                    <\/div>\n                                <\/li><\/ul><\/li><li><span class=\"year\">2014<\/span><ul class=\"book-list list-unstyled\"><li>\n                                    <figure><\/figure>\n                                    <div class=\"book-list-meta\">\n                                        <h3 class=\"book-list-title\"><a href=\"#\" target=\"_blank\">Selected extended papers of the 8th International Conference on Practical Applications of Computational Biology and Bioinformatics<\/a> <\/h3>\n                                        <div class=\"book-list-brand\"><em><\/em><\/div>\n                                        <p class=\"book-author\">Florentino Fdez-Riverola, Juan F. De Paz, Julio S\u00e1ez-Rodriguez and Miguel Rocha<\/p>\n                                    <\/div>\n                                <\/li><li>\n                                    <figure><img decoding=\"async\" src=\"https:\/\/esalab.es\/wp-content\/uploads\/2019\/07\/9783319075808.jpg\" class=\"img-responsive\" alt=\"\" \/><\/figure>\n                                    <div class=\"book-list-meta\">\n                                        <h3 class=\"book-list-title\"><a href=\"https:\/\/www.springer.com\/gp\/book\/9783319075808\" target=\"_blank\">8th International Conference on Practical Applications of Computational Biology &#038; Bioinformatics<\/a> <\/h3>\n                                        <div class=\"book-list-brand\"><em><\/em><\/div>\n                                        <p class=\"book-author\">Julio S\u00e1ez-Rodr\u00edguez, Miguel P. Rocha, Florentino Fdez-Riverola and Juan F. De Paz<\/p>\n                                    <\/div>\n                                <\/li><\/ul><\/li><li><span class=\"year\">2013<\/span><ul class=\"book-list list-unstyled\"><li>\n                                    <figure><img decoding=\"async\" src=\"https:\/\/esalab.es\/wp-content\/uploads\/2019\/07\/9783319005508.jpg\" class=\"img-responsive\" alt=\"\" \/><\/figure>\n                                    <div class=\"book-list-meta\">\n                                        <h3 class=\"book-list-title\"><a href=\"https:\/\/www.springer.com\/la\/book\/9783319005508\" target=\"_blank\">Distributed Computing and Artificial Intelligence<\/a> <\/h3>\n                                        <div class=\"book-list-brand\"><em><\/em><\/div>\n                                        <p class=\"book-author\">Sigeru Omatu, Jos\u00e9 Neves, Juan M. Corchado Rodr\u00edguez, Juan F. De Paz Santana, Sara Rodr\u00edguez Gonz\u00e1lez<\/p>\n                                    <\/div>\n                                <\/li><\/ul><\/li><li><span class=\"year\">2012<\/span><ul class=\"book-list list-unstyled\"><li>\n                                    <figure><img decoding=\"async\" src=\"https:\/\/esalab.es\/wp-content\/uploads\/2019\/07\/9783642308581.jpg\" class=\"img-responsive\" alt=\"\" \/><\/figure>\n                                    <div class=\"book-list-meta\">\n                                        <h3 class=\"book-list-title\"><a href=\"https:\/\/www.springer.com\/la\/book\/9783642308581\" target=\"_blank\">Workshop on Learning Technology for Education in Cloud (LTEC\u201912)<\/a> <\/h3>\n                                        <div class=\"book-list-brand\"><em><\/em><\/div>\n                                        <p class=\"book-author\">Lorna Uden, Emilio S. Corchado Rodr\u00edguez, Juan F. De Paz Santana, Fernando De la Prieta<\/p>\n                                    <\/div>\n                                <\/li><li>\n                                    <figure><img decoding=\"async\" src=\"https:\/\/esalab.es\/wp-content\/uploads\/2019\/07\/9783642287640.jpg\" class=\"img-responsive\" alt=\"\" \/><\/figure>\n                                    <div class=\"book-list-meta\">\n                                        <h3 class=\"book-list-title\"><a href=\"https:\/\/www.springer.com\/cn\/book\/9783642287640\" target=\"_blank\">Distributed Computing and Artificial Intelligence<\/a> <\/h3>\n                                        <div class=\"book-list-brand\"><em><\/em><\/div>\n                                        <p class=\"book-author\">Sigeru Omatu, Juan F. Paz Santana, Sara Rodr\u00edguez Gonz\u00e1lez, Jose M. Molina, Ana M. Bernardos, and Juan M. Corchado Rodr\u00edguez<\/p>\n                                    <\/div>\n                                <\/li><\/ul><\/li><li><span class=\"year\">2011<\/span><ul class=\"book-list list-unstyled\"><li>\n                                    <figure><img decoding=\"async\" src=\"https:\/\/esalab.es\/wp-content\/uploads\/2019\/07\/9783642199332.jpg\" class=\"img-responsive\" alt=\"\" \/><\/figure>\n                                    <div class=\"book-list-meta\">\n                                        <h3 class=\"book-list-title\"><a href=\"https:\/\/www.springer.com\/gp\/book\/9783642199332\" target=\"_blank\">International Symposium on Distributed Computing and Artificial Intelligence<\/a> <\/h3>\n                                        <div class=\"book-list-brand\"><em><\/em><\/div>\n                                        <p class=\"book-author\">Ajith Abraham, Juan M. Corchado, Sara Rodr\u00edguez-Gonz\u00e1lez, Juan F. De Paz<\/p>\n                                    <\/div>\n                                <\/li><\/ul><\/li><li><span class=\"year\">2010<\/span><ul class=\"book-list list-unstyled\"><li>\n                                    <figure><img decoding=\"async\" src=\"https:\/\/esalab.es\/wp-content\/uploads\/2019\/07\/9783642148828.jpg\" class=\"img-responsive\" alt=\"\" \/><\/figure>\n                                    <div class=\"book-list-meta\">\n                                        <h3 class=\"book-list-title\"><a href=\"https:\/\/www.springer.com\/gp\/book\/9783642148828\" target=\"_blank\">Distributed Computing and Artificial Intelligence<\/a> <\/h3>\n                                        <div class=\"book-list-brand\"><em><\/em><\/div>\n                                        <p class=\"book-author\">Andre Ponce de Leon F. de Carvalho; Sara Rodr\u00edguez-Gonz\u00e1lez, Juan F. De Paz, Juan M. Corchado.<\/p>\n                                    <\/div>\n                                <\/li><\/ul><\/li><li><span class=\"year\">2009<\/span><ul class=\"book-list list-unstyled\"><li>\n                                    <figure><img decoding=\"async\" src=\"https:\/\/esalab.es\/wp-content\/uploads\/2019\/07\/9783540858607.jpg\" class=\"img-responsive\" alt=\"\" \/><\/figure>\n                                    <div class=\"book-list-meta\">\n                                        <h3 class=\"book-list-title\"><a href=\"https:\/\/www.springer.com\/la\/book\/9783540858607\" target=\"_blank\">2nd International Workshop on Practical Applications of Computational Biology and Bioinformatics<\/a> <\/h3>\n                                        <div class=\"book-list-brand\"><em><\/em><\/div>\n                                        <p class=\"book-author\">Juan M. Corchado, Juan F. De Paz, Miguel P. Rocha and Florentino Fern\u00e1ndez Riverola<\/p>\n                                    <\/div>\n                                <\/li><\/ul><\/li><\/ul>\n                <\/div><\/div><\/div><\/div><\/div><\/section><\/p>\n","protected":false},"excerpt":{"rendered":"","protected":false},"author":1,"featured_media":3581,"parent":0,"menu_order":0,"comment_status":"closed","ping_status":"closed","template":"","meta":{"inline_featured_image":false,"footnotes":""},"yst_prominent_words":[],"class_list":["post-3630","page","type-page","status-publish","has-post-thumbnail","hentry"],"_links":{"self":[{"href":"https:\/\/esalab.es\/en\/wp-json\/wp\/v2\/pages\/3630","targetHints":{"allow":["GET"]}}],"collection":[{"href":"https:\/\/esalab.es\/en\/wp-json\/wp\/v2\/pages"}],"about":[{"href":"https:\/\/esalab.es\/en\/wp-json\/wp\/v2\/types\/page"}],"author":[{"embeddable":true,"href":"https:\/\/esalab.es\/en\/wp-json\/wp\/v2\/users\/1"}],"replies":[{"embeddable":true,"href":"https:\/\/esalab.es\/en\/wp-json\/wp\/v2\/comments?post=3630"}],"version-history":[{"count":0,"href":"https:\/\/esalab.es\/en\/wp-json\/wp\/v2\/pages\/3630\/revisions"}],"wp:featuredmedia":[{"embeddable":true,"href":"https:\/\/esalab.es\/en\/wp-json\/wp\/v2\/media\/3581"}],"wp:attachment":[{"href":"https:\/\/esalab.es\/en\/wp-json\/wp\/v2\/media?parent=3630"}],"wp:term":[{"taxonomy":"yst_prominent_words","embeddable":true,"href":"https:\/\/esalab.es\/en\/wp-json\/wp\/v2\/yst_prominent_words?post=3630"}],"curies":[{"name":"wp","href":"https:\/\/api.w.org\/{rel}","templated":true}]}}