{"id":3638,"date":"2019-07-26T10:35:08","date_gmt":"2019-07-26T10:35:08","guid":{"rendered":"https:\/\/esalab.es\/?page_id=3638"},"modified":"2019-07-30T09:15:40","modified_gmt":"2019-07-30T09:15:40","slug":"contact","status":"publish","type":"page","link":"https:\/\/esalab.es\/en\/contact\/","title":{"rendered":"Contact"},"content":{"rendered":"<p><section class=\"kc-elm kc-css-308810 kc_row\"><div class=\"kc-row-container  kc-container\"><div class=\"kc-wrap-columns\"><div class=\"kc-elm kc-css-255233 kc_col-sm-8 kc_column kc_col-sm-8\"><div class=\"kc-col-container\">\n<div class=\"kc-elm kc-css-781599 kc-title-wrap \">\n\n\t<h2 class=\"kc_title\">Projects, innovation and collaboration<\/h2>\n<\/div>\n<div class=\"kc-elm kc-css-944607 kc_text_block\"><\/p>\n<p>\nIn the ESALab group of the University of Salamanca we are open to advise, collaborate, research and develop your projects by carrying them out with the best technological solutions and the best professionals to achieve your objectives.<\/p>\n<p>\n<\/div><div class=\"kc-elm kc-css-102708 kc_shortcode kc_single_image\">\n\n        <img decoding=\"async\" src=\"https:\/\/esalab.es\/wp-content\/uploads\/2019\/07\/helloquence-5fNmWej4tAA-unsplash.jpg\" class=\"\" alt=\"\" \/>    <\/div>\n\n<div class=\"kc-elm kc-css-719319 kc-title-wrap \">\n\n\t<h2 class=\"kc_title\">Join us<\/h2>\n<\/div>\n<div class=\"kc-elm kc-css-789976 kc_text_block\"><\/p>\n<p><font color=\"#000000\" face=\"Tahoma, sans-serif, Arial, Helvetica\"><span style=\"font-size: 13px; white-space: pre-wrap;\">If you want to extend your professional perspectives and you are interested in the field of research or development, ESALab provides you with the opportunity to collaborate with a team of professionals who are experts in a wide variety of lines of research and technologies, do not hesitate to contact us.<\/span><\/font><\/p>\n<p>\n<\/div><div class=\"kc-elm kc-css-383250 kc_shortcode kc_single_image\">\n\n        <img decoding=\"async\" src=\"https:\/\/esalab.es\/wp-content\/uploads\/2019\/07\/team-3373638_1920.jpg\" class=\"\" alt=\"\" \/>    <\/div>\n<div class=\"kc-elm kc-css-907311\" style=\"height: 20px; clear: both; width:100%;\"><\/div>\n<div class=\"kc-elm kc-css-683605 kc-title-wrap \">\n\n\t<h3 class=\"kc_title\">Contact form<\/h3>\n<\/div>\n<div class=\"kc-elm kc-css-748649 kc-raw-code\"><span id=\"contactForm\" style=\" margin-top: -300px;padding-bottom: 300px; display: block;  \"> &nbsp; <\/span>\r\n\r\n\r\n<\/div><div class=\"contact-form kc-elm kc-css-928907\"><div class='fluentform ff-default fluentform_wrapper_2 ffs_default_wrap'><form data-form_id=\"2\" id=\"fluentform_2\" class=\"frm-fluent-form fluent_form_2 ff-el-form-top ff_form_instance_2_1 ff-form-loading ffs_default\" data-form_instance=\"ff_form_instance_2_1\" method=\"POST\" ><fieldset  style=\"border: none!important;margin: 0!important;padding: 0!important;background-color: transparent!important;box-shadow: none!important;outline: none!important; min-inline-size: 100%;\">\n                    <legend class=\"ff_screen_reader_title\" style=\"display: block; margin: 0!important;padding: 0!important;height: 0!important;text-indent: -999999px;width: 0!important;overflow:hidden;\">Contact Form (#1) (#2)<\/legend><p style=\"display: none !important;\" class=\"akismet-fields-container\" data-prefix=\"ak_\"><label>&#916;<textarea name=\"ak_hp_textarea\" cols=\"45\" rows=\"8\" maxlength=\"100\"><\/textarea><\/label><input type=\"hidden\" id=\"ak_js_1\" name=\"ak_js\" value=\"117\"\/><script>document.getElementById( \"ak_js_1\" ).setAttribute( \"value\", ( new Date() ).getTime() );<\/script><\/p><input type='hidden' name='__fluent_form_embded_post_id' value='3638' \/><input type=\"hidden\" id=\"_fluentform_2_fluentformnonce\" name=\"_fluentform_2_fluentformnonce\" value=\"caaed8ea82\" \/><input type=\"hidden\" name=\"_wp_http_referer\" value=\"\/en\/wp-json\/wp\/v2\/pages\/3638\" \/><div data-type=\"name-element\" data-name=\"names\" class=\" ff-field_container ff-name-field-wrapper\" ><div class='ff-t-container'><div class='ff-t-cell '><div class='ff-el-group'><div class=\"ff-el-input--label ff-el-is-required asterisk-right\"><label for='ff_2_names_first_name_' id='label_ff_2_names_first_name_' >Name<\/label><\/div><div class='ff-el-input--content'><input type=\"text\" name=\"names[first_name]\" id=\"ff_2_names_first_name_\" class=\"ff-el-form-control\" aria-invalid=\"false\" aria-required=true><\/div><\/div><\/div><div class='ff-t-cell '><div class='ff-el-group'><div class=\"ff-el-input--label asterisk-right\"><label for='ff_2_names_last_name_' id='label_ff_2_names_last_name_' >Surname<\/label><\/div><div class='ff-el-input--content'><input type=\"text\" name=\"names[last_name]\" id=\"ff_2_names_last_name_\" class=\"ff-el-form-control\" aria-invalid=\"false\" aria-required=false><\/div><\/div><\/div><\/div><\/div><div class='ff-el-group'><div class=\"ff-el-input--label ff-el-is-required asterisk-right\"><label for='ff_2_email' id='label_ff_2_email' aria-label=\"Email\">Email<\/label><\/div><div class='ff-el-input--content'><input type=\"email\" name=\"email\" id=\"ff_2_email\" class=\"ff-el-form-control\" placeholder=\"you@domain.com\" data-name=\"email\"  aria-invalid=\"false\" aria-required=true><\/div><\/div><div class='ff-el-group'><div class=\"ff-el-input--label ff-el-is-required asterisk-right\"><label for='ff_2_message' id='label_ff_2_message' aria-label=\"Message\">Message<\/label><\/div><div class='ff-el-input--content'><textarea aria-required=\"true\" aria-labelledby=\"label_ff_2_message\" name=\"message\" id=\"ff_2_message\" class=\"ff-el-form-control\" rows=\"4\" cols=\"2\" data-name=\"message\" ><\/textarea><\/div><\/div><div class='ff-el-group ff-text-right ff_submit_btn_wrapper'><button type=\"submit\" class=\"ff-btn ff-btn-submit ff-btn-md ff_btn_style wpf_has_custom_css\"  aria-label=\"Send\">Send<\/button><\/div><\/fieldset><\/form><div id='fluentform_2_errors' class='ff-errors-in-stack ff_form_instance_2_1 ff-form-loading_errors ff_form_instance_2_1_errors'><\/div><\/div>            <script type=\"text\/javascript\">\n                window.fluent_form_ff_form_instance_2_1 = {\"id\":\"2\",\"settings\":{\"layout\":{\"labelPlacement\":\"top\",\"helpMessagePlacement\":\"with_label\",\"errorMessagePlacement\":\"inline\"},\"id\":\"1\",\"restrictions\":{\"denyEmptySubmission\":{\"enabled\":false}}},\"form_instance\":\"ff_form_instance_2_1\",\"form_id_selector\":\"fluentform_2\",\"rules\":{\"names[first_name]\":{\"required\":{\"value\":true,\"message\":\"First Name field is required\"}},\"names[middle_name]\":{\"required\":{\"value\":false,\"message\":\"This field is required\"}},\"names[last_name]\":{\"required\":{\"value\":false,\"message\":\"This field is required\"}},\"email\":{\"required\":{\"value\":true,\"message\":\"Email field is required\"},\"email\":{\"value\":true,\"message\":\"This field must contain a valid email\"}},\"message\":{\"required\":{\"value\":true,\"message\":\"Message field is required\"}}},\"debounce_time\":300};\n                            <\/script>\n            <\/div><\/div><\/div><div class=\"kc-elm kc-css-176125 kc_col-sm-4 kc_column kc_col-sm-4\"><div class=\"kc-col-container\"><div class=\"addr_future_memb kc-elm kc-css-740193\"><h4 class=\"entry-title\">Address<\/h4><div class=\"address-entry\"><p class=\"__ad-num\">Departamento de Inform\u00e1tica y Autom\u00e1tica\r<\/p><p class=\"__ad-num\">Facultad de Ciencias\r<\/p><p class=\"__ad-num\">Plaza Ca\u00eddos\r<\/p><p class=\"__ad-num\">37008 Salamanca\r<\/p><p class=\"__ad-num\">Espa\u00f1a<\/p><\/div><\/div><div class=\"addr_future_memb contact-info kc-elm kc-css-355486\"><h4 class=\"entry-title\">Contact<\/h4><p class=\"__ci_num\"><\/p>\n<p><strong>Phone:<\/strong> +34-923294500 Ext:6072<br \/><strong>Email<\/strong>: info@esalab.es<\/p>\n<p><\/p><\/div><a href=\"#contactForm\" title=\"\" target=\"_self\" class=\"btn btn-action btn-gules kc-elm kc-css-487308\">Send us a message<\/a><div class=\"kc-elm kc-css-410546\" style=\"height: 81px; clear: both; width:100%;\"><\/div><div class=\"kc-elm kc-css-901444\" style=\"height: 20px; clear: both; width:100%;\"><\/div><div class=\"kc-elm kc-css-486660\" style=\"height: 20px; clear: both; width:100%;\"><\/div><\/div><\/div><\/div><\/div><\/section><section class=\"kc-elm kc-css-68540 kc_row\"><div class=\"kc-row-container  kc-container\"><div class=\"kc-wrap-columns\"><div class=\"kc-elm kc-css-999415 kc_col-sm-12 kc_column kc_col-sm-12\"><div class=\"kc-col-container\"><div class=\"kc-elm kc-css-618610\" style=\"height: 0px; clear: both; width:100%;\"><\/div><\/div><\/div><\/div><\/div><\/section><section class=\"kc-elm kc-css-852387 kc_row\"><div class=\"kc-row-container  kc-container\"><div class=\"kc-wrap-columns\"><div class=\"kc-elm kc-css-151453 kc_col-sm-4 kc_column kc_col-sm-4\"><div class=\"kc-col-container\"><div class=\"kc-elm kc-css-796491 kc-raw-code\"><h4 class=\"titleMap\">Escuela T\u00e9cnica Superior de Ingenier\u00eda Industrial de B\u00e9jar<\/h4>\r\n<iframe loading=\"lazy\" src=\"https:\/\/www.google.com\/maps\/embed?pb=!1m14!1m8!1m3!1d48625.32296702437!2d-5.760883!3d40.38486!3m2!1i1024!2i768!4f13.1!3m3!1m2!1s0x0%3A0xa745708aa1312dab!2sEscuela+T%C3%A9cnica+Superior+de+Ingenier%C3%ADa+Industrial+de+B%C3%A9jar+USAL!5e0!3m2!1ses!2ses!4v1563811435278!5m2!1ses!2ses\" width=\"600\" height=\"300\" frameborder=\"0\" style=\"border:0\" allowfullscreen><\/iframe><\/div><\/div><\/div><div class=\"kc-elm kc-css-416515 kc_col-sm-4 kc_column kc_col-sm-4\"><div class=\"kc-col-container\"><div class=\"kc-elm kc-css-496502 kc-raw-code\"><h4 class=\"titleMap\">Escuela Polit\u00e9cnica Superior de Zamora<\/h4>\r\n<iframe loading=\"lazy\" src=\"https:\/\/www.google.com\/maps\/embed?pb=!1m14!1m8!1m3!1d11950.610136201276!2d-5.734804!3d41.511804!3m2!1i1024!2i768!4f13.1!3m3!1m2!1s0x0%3A0xc49cd8148e1acf64!2sEscuela+Polit%C3%A9cnica+Superior+de+Zamora!5e0!3m2!1ses!2ses!4v1563811491390!5m2!1ses!2ses\" width=\"600\" height=\"300\" frameborder=\"0\" style=\"border:0\" allowfullscreen><\/iframe><\/div><\/div><\/div><div class=\"kc-elm kc-css-465505 kc_col-sm-4 kc_column kc_col-sm-4\"><div class=\"kc-col-container\"><div class=\"kc-elm kc-css-467302 kc-raw-code\"><h4 class=\"titleMap\">Facultad de Ciencias Salamanca<\/h4>\r\n<iframe \r\nsrc=\"https:\/\/www.google.com\/maps\/embed?pb=!1m18!1m12!1m3!1d1266.7927350699524!2d-5.6711945430402695!3d40.960501818394675!2m3!1f0!2f0!3f0!3m2!1i1024!2i768!4f13.1!3m3!1m2!1s0xd3f26409c4d5287%3A0x2809ba7ed4a44c2e!2sFacultad+de+Ciencias!5e0!3m2!1ses!2ses!4v1563811277580!5m2!1ses!2ses\" width=\"350\" height=\"300\" frameborder=\"0\" style=\"border:0\" allowfullscreen><\/iframe><\/div><\/div><\/div><\/div><\/div><\/section><\/p>\n","protected":false},"excerpt":{"rendered":"","protected":false},"author":1,"featured_media":3567,"parent":0,"menu_order":0,"comment_status":"closed","ping_status":"closed","template":"","meta":{"inline_featured_image":false,"footnotes":""},"yst_prominent_words":[321,514,520,519,333,351,509,315,513,521,515,510,314,512,380,517,511,518,516],"class_list":["post-3638","page","type-page","status-publish","has-post-thumbnail","hentry"],"_links":{"self":[{"href":"https:\/\/esalab.es\/en\/wp-json\/wp\/v2\/pages\/3638","targetHints":{"allow":["GET"]}}],"collection":[{"href":"https:\/\/esalab.es\/en\/wp-json\/wp\/v2\/pages"}],"about":[{"href":"https:\/\/esalab.es\/en\/wp-json\/wp\/v2\/types\/page"}],"author":[{"embeddable":true,"href":"https:\/\/esalab.es\/en\/wp-json\/wp\/v2\/users\/1"}],"replies":[{"embeddable":true,"href":"https:\/\/esalab.es\/en\/wp-json\/wp\/v2\/comments?post=3638"}],"version-history":[{"count":0,"href":"https:\/\/esalab.es\/en\/wp-json\/wp\/v2\/pages\/3638\/revisions"}],"wp:featuredmedia":[{"embeddable":true,"href":"https:\/\/esalab.es\/en\/wp-json\/wp\/v2\/media\/3567"}],"wp:attachment":[{"href":"https:\/\/esalab.es\/en\/wp-json\/wp\/v2\/media?parent=3638"}],"wp:term":[{"taxonomy":"yst_prominent_words","embeddable":true,"href":"https:\/\/esalab.es\/en\/wp-json\/wp\/v2\/yst_prominent_words?post=3638"}],"curies":[{"name":"wp","href":"https:\/\/api.w.org\/{rel}","templated":true}]}}