{"id":3641,"date":"2019-07-26T10:37:43","date_gmt":"2019-07-26T10:37:43","guid":{"rendered":"https:\/\/esalab.es\/?page_id=3641"},"modified":"2019-07-29T10:44:07","modified_gmt":"2019-07-29T10:44:07","slug":"conferences-and-talks-2","status":"publish","type":"page","link":"https:\/\/esalab.es\/en\/conferences-and-talks-2\/","title":{"rendered":"Conferences and talks"},"content":{"rendered":"<p><section class=\"kc-elm kc-css-346176 kc_row\"><div class=\"kc-row-container  kc-container\"><div class=\"kc-wrap-columns\"><div class=\"kc-elm kc-css-330080 kc_col-sm-9 kc_column kc_col-sm-9\"><div class=\"kc-col-container\"><div class=\"kc-elm kc-css-655309 kc_text_block\"><\/p>\n<p><font color=\"#000000\" face=\"Tahoma, sans-serif, Arial, Helvetica\"><span style=\"font-size: 13px; white-space: pre-wrap;\">From ESALab we carry out a work of dissemination through lectures and conferences with which we look to share the knowledge acquired during our research work.<\/span><\/font><\/p>\n<p>\n<\/div><\/div><\/div><div class=\"kc-elm kc-css-762087 kc_col-sm-3 kc_column kc_col-sm-3\"><div class=\"kc-col-container\"><\/div><\/div><\/div><\/div><\/section><section class=\"kc-elm kc-css-587776 kc_row\"><div class=\"kc-row-container  kc-container\"><div class=\"kc-wrap-columns\"><div class=\"kc-elm kc-css-104695 kc_col-sm-12 kc_column kc_col-sm-12\"><div class=\"kc-col-container\"><div class=\"auth-deff_timeline_timeline-segment kc-elm kc-css-768144\">\n                <ul class=\"auth-deff_timeline list-unstyled\"><li>\n                        <div class=\"time-span\">\n                            <div class=\"time-year\">2019<\/div>\n                            <div class=\"time-month\">29 de mayo<\/div>\n                        <\/div>\n                        <div class=\"timeline-meta\">\n                            <h3 class=\"staff-title\"><a href=\"#\">Salamanca Robotiza. Exposici\u00f3n: Autoridad en la Materia<\/a><\/h3>\n                            <div class=\"__time\">12:00<\/div><div class=\"__loc\"><span>Location: <\/span>Teatro Liceo Salamanca<\/div><p class=\"meta-text\">Explicaci\u00f3n y demostraci\u00f3n del empleo de drones de peque\u00f1o tama\u00f1o aplicado la educaci\u00f3n.  <\/p>\n                        <\/div>\n                    <\/li><li>\n                        <div class=\"time-span\">\n                            <div class=\"time-year\">2019<\/div>\n                            <div class=\"time-month\">Abril<\/div>\n                        <\/div>\n                        <div class=\"timeline-meta\">\n                            <h3 class=\"staff-title\"><a href=\"#\">Taller de Machine Learning y LPWANs.<\/a><\/h3>\n                            <div class=\"__time\"><\/div><div class=\"__loc\"><span>Location: <\/span>Universidad Tecnol\u00f3gica de Panam\u00e1 (UTP)<\/div><p class=\"meta-text\">Durante la estancia de algunos miembros del grupo ESALab impartir\u00e1n talleres sobre Machine Learning y LPWANs.<\/p>\n                        <\/div>\n                    <\/li><\/ul>\n            <\/div><div class=\"kc-elm kc-css-438790\" style=\"height: 20px; clear: both; width:100%;\"><\/div><\/div><\/div><\/div><\/div><\/section><\/p>\n","protected":false},"excerpt":{"rendered":"","protected":false},"author":1,"featured_media":3582,"parent":0,"menu_order":0,"comment_status":"closed","ping_status":"closed","template":"","meta":{"inline_featured_image":false,"footnotes":""},"yst_prominent_words":[],"class_list":["post-3641","page","type-page","status-publish","has-post-thumbnail","hentry"],"_links":{"self":[{"href":"https:\/\/esalab.es\/en\/wp-json\/wp\/v2\/pages\/3641","targetHints":{"allow":["GET"]}}],"collection":[{"href":"https:\/\/esalab.es\/en\/wp-json\/wp\/v2\/pages"}],"about":[{"href":"https:\/\/esalab.es\/en\/wp-json\/wp\/v2\/types\/page"}],"author":[{"embeddable":true,"href":"https:\/\/esalab.es\/en\/wp-json\/wp\/v2\/users\/1"}],"replies":[{"embeddable":true,"href":"https:\/\/esalab.es\/en\/wp-json\/wp\/v2\/comments?post=3641"}],"version-history":[{"count":0,"href":"https:\/\/esalab.es\/en\/wp-json\/wp\/v2\/pages\/3641\/revisions"}],"wp:featuredmedia":[{"embeddable":true,"href":"https:\/\/esalab.es\/en\/wp-json\/wp\/v2\/media\/3582"}],"wp:attachment":[{"href":"https:\/\/esalab.es\/en\/wp-json\/wp\/v2\/media?parent=3641"}],"wp:term":[{"taxonomy":"yst_prominent_words","embeddable":true,"href":"https:\/\/esalab.es\/en\/wp-json\/wp\/v2\/yst_prominent_words?post=3641"}],"curies":[{"name":"wp","href":"https:\/\/api.w.org\/{rel}","templated":true}]}}