{"id":3665,"date":"2019-07-26T10:48:24","date_gmt":"2019-07-26T10:48:24","guid":{"rendered":"https:\/\/esalab.es\/?page_id=3665"},"modified":"2019-07-30T09:47:07","modified_gmt":"2019-07-30T09:47:07","slug":"home","status":"publish","type":"page","link":"https:\/\/esalab.es\/en\/","title":{"rendered":"Home"},"content":{"rendered":"<p><section data-kc-fullwidth=\"content\" class=\"kc-elm kc-css-249402 kc_row\"><div class=\"kc-row-container\"><div class=\"kc-wrap-columns\"><div class=\"kc-elm kc-css-104487 kc_col-sm-12 kc_column kc_col-sm-12\"><div class=\"kc-col-container\"><div class=\"sabbi-site-head\"><div class=\"sabbi-site-header-meta kc-elm kc-css-853196 cse-academix-slider\" >\n            <div class=\"site-hmsl-content text-center pt_60\">\n                <div class=\"seq seq--kawsa\" id=\"sequence\" data-slideautoPlay=\"\" data-slideautoPlayInterval=\"3000\">\n                    <div class=\"seq-screen\">\n                        <ul class=\"seq-canvas\"><li class=\"seq-step1\" id=\"step1\" style=\"background-image:url(https:\/\/esalab.es\/wp-content\/uploads\/2018\/09\/about1.jpg)\">\n                                <div class=\"bg-blend\"><\/div>\n                                <div class=\"seq-content\" ><h2 class=\"seq-title tt_up\" data-seq=\"\">Widely experienced team<\/h2><div class=\"seq-meta\" data-seq=\"\">\n                                            <p class=\"seq-meta-text\">Young team with great experience in project development at European, national and regional level.<\/p>\n                                        <\/div><\/div>\n                            <\/li><li class=\"seq-step1\" id=\"step2\" style=\"background-image:url(https:\/\/esalab.es\/wp-content\/uploads\/2018\/10\/Virtual-Reality-1.jpg)\">\n                                <div class=\"bg-blend\"><\/div>\n                                <div class=\"seq-content\" ><h2 class=\"seq-title tt_up\" data-seq=\"\">Virtual Reality<\/h2><div class=\"seq-meta\" data-seq=\"\">\n                                            <p class=\"seq-meta-text\">The ESALab team develops solutions that allow 3D and real environments simulations to achieve an immersive experience.<\/p>\n                                        <\/div><\/div>\n                            <\/li><li class=\"seq-step1\" id=\"step3\" style=\"background-image:url(https:\/\/esalab.es\/wp-content\/uploads\/2018\/10\/Data-Analytical-1.jpg)\">\n                                <div class=\"bg-blend\"><\/div>\n                                <div class=\"seq-content\" ><h2 class=\"seq-title tt_up\" data-seq=\"\">Data Analysis<\/h2><div class=\"seq-meta\" data-seq=\"\">\n                                            <p class=\"seq-meta-text\">We focus on analyzing large amounts of data to turn them into valuable information that helps experts in their decision making process.<\/p>\n                                        <\/div><\/div>\n                            <\/li><\/ul>\n                        <div class=\"sec-navigate-wrap pos-y_center\">\n                            <button type=\"button\" class=\"seq-next\"><\/button>\n                            <button type=\"button\" class=\"seq-prev\"><\/button>\n                        <\/div>\n                    <\/div>\n                <\/div>\n            <\/div>\n        <\/div>\n        <\/div><\/div><\/div><\/div><\/div><\/section><section class=\"kc-elm kc-css-36124 kc_row\"><div class=\"kc-row-container  kc-container\"><div class=\"kc-wrap-columns\"><div class=\"kc-elm kc-css-510722 kc_col-sm-12 kc_column kc_col-sm-12\"><div class=\"kc-col-container\"><div class=\"kc-elm kc-css-339317 kc-raw-code\"><\/div><\/div><\/div><\/div><\/div><\/section><section class=\"kc-elm kc-css-202666 kc_row\"><div class=\"kc-row-container  kc-container  service-rtl\"><div class=\"kc-wrap-columns\"><div class=\"kc-elm kc-css-175182 kc_col-sm-4 kc_column kc_col-sm-4\"><div class=\"kc-col-container\"> <article class=\"sabbi-thumlinepost-card solitude-bg__x kc-elm kc-css-311604\"><figure class=\"sabbi-thumlinepost-card-figure\">\n                           <img loading=\"lazy\" decoding=\"async\" width=\"512\" height=\"512\" src=\"https:\/\/esalab.es\/wp-content\/uploads\/2019\/07\/smart-home-1.png\" class=\"img-responsive img-thumpost\" alt=\"\" srcset=\"https:\/\/esalab.es\/wp-content\/uploads\/2019\/07\/smart-home-1.png 512w, https:\/\/esalab.es\/wp-content\/uploads\/2019\/07\/smart-home-1-150x150.png 150w, https:\/\/esalab.es\/wp-content\/uploads\/2019\/07\/smart-home-1-300x300.png 300w\" sizes=\"auto, (max-width: 512px) 100vw, 512px\" \/>\n                          <\/figure><div class=\"sabbi-thumlinepost-card-meta\">\n                        <h2 class=\"info-box-title ht-5\">Internet of things<\/h2><p>Broad experience in development and integration of technological solutions in everyday use objects in order to improve user experience and increase functionality.<\/p>\n<\/div>\n                <\/article><\/div><\/div><div class=\"kc-elm kc-css-821124 kc_col-sm-4 kc_column kc_col-sm-4\"><div class=\"kc-col-container\"> <article class=\"sabbi-thumlinepost-card solitude-bg__x kc-elm kc-css-81368\"><figure class=\"sabbi-thumlinepost-card-figure\">\n                           <img loading=\"lazy\" decoding=\"async\" width=\"512\" height=\"512\" src=\"https:\/\/esalab.es\/wp-content\/uploads\/2019\/07\/smart-farm-2.png\" class=\"img-responsive img-thumpost\" alt=\"\" srcset=\"https:\/\/esalab.es\/wp-content\/uploads\/2019\/07\/smart-farm-2.png 512w, https:\/\/esalab.es\/wp-content\/uploads\/2019\/07\/smart-farm-2-150x150.png 150w, https:\/\/esalab.es\/wp-content\/uploads\/2019\/07\/smart-farm-2-300x300.png 300w\" sizes=\"auto, (max-width: 512px) 100vw, 512px\" \/>\n                          <\/figure><div class=\"sabbi-thumlinepost-card-meta\">\n                        <h2 class=\"info-box-title ht-5\">Drons<\/h2><p>In ESALAb we work with these unmanned aerial vehicles to perform tareas in a fastest and more efficient way at a great variety of fields and work sectors.<\/p>\n<\/div>\n                <\/article><\/div><\/div><div class=\"kc-elm kc-css-110742 kc_col-sm-4 kc_column kc_col-sm-4\"><div class=\"kc-col-container\"> <article class=\"sabbi-thumlinepost-card solitude-bg__x kc-elm kc-css-885064\"><figure class=\"sabbi-thumlinepost-card-figure\">\n                           <img loading=\"lazy\" decoding=\"async\" width=\"512\" height=\"512\" src=\"https:\/\/esalab.es\/wp-content\/uploads\/2019\/07\/placeholder-1.png\" class=\"img-responsive img-thumpost\" alt=\"\" srcset=\"https:\/\/esalab.es\/wp-content\/uploads\/2019\/07\/placeholder-1.png 512w, https:\/\/esalab.es\/wp-content\/uploads\/2019\/07\/placeholder-1-150x150.png 150w, https:\/\/esalab.es\/wp-content\/uploads\/2019\/07\/placeholder-1-300x300.png 300w\" sizes=\"auto, (max-width: 512px) 100vw, 512px\" \/>\n                          <\/figure><div class=\"sabbi-thumlinepost-card-meta\">\n                        <h2 class=\"info-box-title ht-5\">Location systems<\/h2><p>Experts in the design and implementation of location systems in indoor and outdoor locations with different technologies to adapt to each case.<\/p>\n<\/div>\n                <\/article><\/div><\/div><\/div><\/div><\/section><section class=\"kc-elm kc-css-849829 kc_row\"><div class=\"kc-row-container  kc-container\"><div class=\"kc-wrap-columns\"><div class=\"kc-elm kc-css-265625 kc_col-sm-4 kc_column kc_col-sm-4\"><div class=\"kc-col-container\"> <article class=\"sabbi-thumlinepost-card solitude-bg__x kc-elm kc-css-713123\">\n                    <h2 class=\"entry-title ht-4\">About the research group<\/h2>\n                    <div class=\"sabbi-thumlinepost-card-meta\">\n                        <\/p>\n<p>Expert Systems and Applications Lab is a recognized research group of the University of Salamanca since September 2018. Although the group and its members are young, they have extense experience in the development of projects at European, national and regional level. Specifically, they have participated in 6 European, 7 national and 10 regional projects, all of them belonging to competitive calls &#8230;<\/p>\n<p>\n\n                        <a href=\"https:\/\/esalab.es\/research\/\" title=\"\" target=\"_self\" class=\"btn btn-unsolemn btn-action read-more\">Read more<\/a>\n                    <\/div>\n                <\/article><\/div><\/div><div class=\"kc-elm kc-css-571809 kc_col-sm-4 kc_column kc_col-sm-4\"><div class=\"kc-col-container\"><article class=\"sabbi-thumlinepost-card card-video solitude-bg__x kc-elm kc-css-844090\">\n                        <figure class=\"sabbi-thumlinepost-card-figure\">\n                            <a class=\"video-play\" href=\"https:\/\/www.youtube.com\/watch?time_continue=46&#038;v=eLL6KfVZNQQ\" data-toggle=\"lightbox\"><img loading=\"lazy\" decoding=\"async\" width=\"1280\" height=\"658\" src=\"https:\/\/esalab.es\/wp-content\/uploads\/2019\/07\/Capura-Video.png\" class=\"img-responsive img-thumpost\" alt=\"\" srcset=\"https:\/\/esalab.es\/wp-content\/uploads\/2019\/07\/Capura-Video.png 1280w, https:\/\/esalab.es\/wp-content\/uploads\/2019\/07\/Capura-Video-300x154.png 300w, https:\/\/esalab.es\/wp-content\/uploads\/2019\/07\/Capura-Video-768x395.png 768w, https:\/\/esalab.es\/wp-content\/uploads\/2019\/07\/Capura-Video-1024x526.png 1024w\" sizes=\"auto, (max-width: 1280px) 100vw, 1280px\" \/><\/a>\n                            <figcaption><\/figcaption>\n                        <\/figure><h3 class=\"entry-title\"><a href=\"https:\/\/www.rtvcyl.es\/Noticia\/6133A4C3-B95A-F86A-A6474D8ACB06B61C\/carro\/inteligente\/facilita\/compra\/supermercados\/personas\/movilidad\/reducida\" target=\"_self\">Smart cart makes supermarket shopping easier for people with reduced mobility<\/a><\/h3><p>Researchers at the University of Salamanca have developed a revolutionary shopping cart that will facilitate the acquisition of products....<\/p>\n<\/article><\/div><\/div><div class=\"kc-elm kc-css-845078 kc_col-sm-4 kc_column kc_col-sm-4\"><div class=\"kc-col-container\"><article class=\"news-card sabbi-thumlinepost-card solitude-bg__x kc-elm kc-css-640206\"><h2 class=\"stage-title\">LATEST EVENTS<\/h2><ul class=\"list-unstyled lst_news_list\" tabindex=\"0\"><li class=\"lst_news_item\">\n                        <h3 class=\"title mg_0\"><a href=\"https:\/\/esalab.es\/en\/esalab-event\/exposicion-autoridad-en-la-materia\/\">Exposici\u00f3n: Autoridad en la Materia<\/a><\/h3>\n                        <div>\n                            <span class=\"date\">29 May 2019<\/span>\n                        <\/div>\n                    <\/li><li class=\"lst_news_item\">\n                        <h3 class=\"title mg_0\"><a href=\"https:\/\/esalab.es\/en\/esalab-event\/talleres-de-machine-learning-y-lqwans\/\">Talleres de Machine Learning y LPWANs.<\/a><\/h3>\n                        <div>\n                            <span class=\"date\">17 Apr 2019<\/span>\n                        <\/div>\n                    <\/li><\/ul><a href=\"https:\/\/esalab.es\/en\/event\/\" title=\"\" target=\"_blank\" class=\"btn btn-unsolemn btn-action read-more\">Show all<\/a><\/article><\/div><\/div><\/div><\/div><\/section><section class=\"kc-elm kc-css-819347 kc_row\"><div class=\"kc-row-container  kc-container\"><div class=\"kc-wrap-columns\"><div class=\"kc-elm kc-css-814227 kc_col-sm-4 kc_column kc_col-sm-4\"><div class=\"kc-col-container\"> <div class=\"brand_quickfact-content text-center kc-elm kc-css-61244\">\n                    <div class=\"brand_quickfact-count_value\">200+<\/div>\n                    <div class=\"brand_quickfact-label\">Articles<\/div>\n                <\/div><\/div><\/div><div class=\"kc-elm kc-css-301654 kc_col-sm-4 kc_column kc_col-sm-4\"><div class=\"kc-col-container\"> <div class=\"brand_quickfact-content text-center kc-elm kc-css-668452\">\n                    <div class=\"brand_quickfact-count_value\">15+<\/div>\n                    <div class=\"brand_quickfact-label\">Active projects<\/div>\n                <\/div><\/div><\/div><div class=\"kc-elm kc-css-317570 kc_col-sm-4 kc_column kc_col-sm-4\"><div class=\"kc-col-container\"> <div class=\"brand_quickfact-content text-center kc-elm kc-css-419430\">\n                    <div class=\"brand_quickfact-count_value\">30+<\/div>\n                    <div class=\"brand_quickfact-label\">Members<\/div>\n                <\/div><\/div><\/div><\/div><\/div><\/section><section class=\"kc-elm kc-css-223413 kc_row\"><div class=\"kc-row-container  kc-container\"><div class=\"kc-wrap-columns\"><div class=\"kc-elm kc-css-991461 kc_col-sm-12 kc_column kc_col-sm-12\"><div class=\"kc-col-container\">\n<div class=\"kc-elm kc-css-547359 kc-title-wrap \">\n\n\t<h2 class=\"kc_title\">Group's publications<\/h2>\n<\/div>\n<div class=\"kc-elm kc-css-708671 kc_text_block\"><\/p>\n<p>The ESALab Group consists of researchers from various lines of study. Over the past few years these researchers have presented the results obtained in different congresses, indexed journals and book chapters<\/p>\n<p>\n<\/div><div class=\"paper_cut kc-elm kc-css-981223\"><div class=\"pub-item with-icon\">\n                    <div class=\"elem-wrapper\">\n                        <i class=\"ion-ios-paper-outline\"><\/i>\n                    <\/div>\n                    <div class=\"content-wrapper\">\n                        <h3 class=\"title mb_0\">Smart Waste Collection System with Low Consumption LoRaWAN Nodes and Route Optimization.<\/h3>\n                        <div class=\"slc_des\">\n                            <div class=\"authr\">\u00c1lvaro Lozano Murciego, Javier Caridad, Juan Francisco de Paz, Gabriel Villarrubia-Gonz\u00e1lez, Javier Bajo<\/div>\n                        <\/div>\n                        <div class=\"description\">\n                            <a class=\"link-with-icon\" href=\"https:\/\/doi.org\/10.3390\/s18051465\" target=\"black\"><i class=\"ion-ios-browsers-outline\"><\/i>Art\u00edculo<\/a>\n                        <\/div>\n                  \n                <\/div>\n            <\/div><div class=\"pub-item with-icon\">\n                    <div class=\"elem-wrapper\">\n                        <i class=\"ion-ios-paper-outline\"><\/i>\n                    <\/div>\n                    <div class=\"content-wrapper\">\n                        <h3 class=\"title mb_0\">Multi-agent distributed model predictive control with fuzzy negotiation.<\/h3>\n                        <div class=\"slc_des\">\n                            <div class=\"authr\">Mario Francisco, Yeray Mezquita Mart\u00edn, Silvana Revollar, Pastora Vega, Juan F. De Paz<\/div>\n                        <\/div>\n                        <div class=\"description\">\n                            <a class=\"link-with-icon\" href=\"https:\/\/doi.org\/10.1016\/j.eswa.2019.03.056\" target=\"black\"><i class=\"ion-ios-browsers-outline\"><\/i>Art\u00edculo<\/a>\n                        <\/div>\n                  \n                <\/div>\n            <\/div><div class=\"pub-item with-icon\">\n                    <div class=\"elem-wrapper\">\n                        <i class=\"ion-ios-paper-outline\"><\/i>\n                    <\/div>\n                    <div class=\"content-wrapper\">\n                        <h3 class=\"title mb_0\">Automatic wireless mapping and tracking system for indoor location.<\/h3>\n                        <div class=\"slc_des\">\n                            <div class=\"authr\">Andr\u00e9 Sales Mendes, Gabriel Villarrubia, Javier Caridad, Daniel Hern\u00e1ndez de La Iglesia, Juan F. De Paz<\/div>\n                        <\/div>\n                        <div class=\"description\">\n                            <a class=\"link-with-icon\" href=\"https:\/\/doi.org\/10.1016\/j.neucom.2018.07.084\" target=\"black\"><i class=\"ion-ios-browsers-outline\"><\/i>Art\u00edculo<\/a>\n                        <\/div>\n                  \n                <\/div>\n            <\/div><div class=\"pub-item with-icon\">\n                    <div class=\"elem-wrapper\">\n                        <i class=\"ion-ios-paper-outline\"><\/i>\n                    <\/div>\n                    <div class=\"content-wrapper\">\n                        <h3 class=\"title mb_0\">Prediction and Decision-Making in Intelligent Environments Supported by Knowledge Graphs, A Systematic Review.<\/h3>\n                        <div class=\"slc_des\">\n                            <div class=\"authr\">Elvira Amador-Dom\u00ednguez, Emilio Serrano, Daniel Manrique, Juan F. De Paz<\/div>\n                        <\/div>\n                        <div class=\"description\">\n                            <a class=\"link-with-icon\" href=\"https:\/\/doi.org\/10.3390\/s19081774\" target=\"black\"><i class=\"ion-ios-browsers-outline\"><\/i>Art\u00edculo<\/a>\n                        <\/div>\n                  \n                <\/div>\n            <\/div><\/div><a href=\"https:\/\/esalab.es\/en\/journal-articles-2\/\" title=\"\" target=\"_blank\" class=\"btn btn-unsolemn btn-action read-more kc-elm kc-css-13405\">SHOW MORE<\/a><\/div><\/div><\/div><\/div><\/section><section class=\"kc-elm kc-css-966385 kc_row\"><div class=\"kc-row-container  kc-container\"><div class=\"kc-wrap-columns\"><div class=\"kc-elm kc-css-182442 kc_col-sm-4 kc_column kc_col-sm-4\"><div class=\"kc-col-container\"><\/div><\/div><div class=\"kc-elm kc-css-390267 kc_col-sm-8 kc_column kc_col-sm-8\"><div class=\"kc-col-container\"><\/div><\/div><\/div><\/div><\/section><section class=\"kc-elm kc-css-560823 kc_row team-row\"><div class=\"kc-row-container  kc-container\"><div class=\"kc-wrap-columns\"><div class=\"kc-elm kc-css-581094 kc_col-sm-12 kc_column kc_col-sm-12\"><div class=\"kc-col-container\"><div class=\"col-sm-6 col-md-4\">\n                    <div class=\"profile-card profile-card-meta_classic kc-elm kc-css-366903\">\n                        <figure>\n                             <img loading=\"lazy\" decoding=\"async\" width=\"640\" height=\"480\" src=\"https:\/\/esalab.es\/wp-content\/uploads\/2019\/07\/Aaron.jpg\" class=\"img-responsive\" alt=\"\" srcset=\"https:\/\/esalab.es\/wp-content\/uploads\/2019\/07\/Aaron.jpg 1020w, https:\/\/esalab.es\/wp-content\/uploads\/2019\/07\/Aaron-300x225.jpg 300w, https:\/\/esalab.es\/wp-content\/uploads\/2019\/07\/Aaron-768x576.jpg 768w, https:\/\/esalab.es\/wp-content\/uploads\/2019\/07\/Aaron-360x270.jpg 360w\" sizes=\"auto, (max-width: 640px) 100vw, 640px\" \/>\n                            <figcaption><a href=\"https:\/\/esalab.es\/en\/esalab-miembro\/aaron-gonzalez-hernandez\/\"><h3 class=\"fig-title\">D. Aar\u00f3n Gonz\u00e1lez Hern\u00e1ndez<\/h3><\/a><div class=\"fig-title-des\">Superior Technician in Electronic Maintenance <br>\r\nUniversity of Salamanca<br><\/div><div class=\"fig-meta\"><\/div>\n                            <\/figcaption>\n                        <\/figure><\/div>\n                <\/div><div class=\"col-sm-6 col-md-4\">\n                    <div class=\"profile-card profile-card-meta_classic kc-elm kc-css-366903\">\n                        <figure>\n                             <img loading=\"lazy\" decoding=\"async\" width=\"640\" height=\"480\" src=\"https:\/\/esalab.es\/wp-content\/uploads\/2019\/07\/barri.jpg\" class=\"img-responsive\" alt=\"\" srcset=\"https:\/\/esalab.es\/wp-content\/uploads\/2019\/07\/barri.jpg 1020w, https:\/\/esalab.es\/wp-content\/uploads\/2019\/07\/barri-300x225.jpg 300w, https:\/\/esalab.es\/wp-content\/uploads\/2019\/07\/barri-768x576.jpg 768w, https:\/\/esalab.es\/wp-content\/uploads\/2019\/07\/barri-360x270.jpg 360w\" sizes=\"auto, (max-width: 640px) 100vw, 640px\" \/>\n                            <figcaption><a href=\"https:\/\/esalab.es\/en\/esalab-miembro\/alberto-lopez-barriuso\/\"><h3 class=\"fig-title\">Dr. Alberto L\u00f3pez Barriuso<\/h3><\/a><div class=\"fig-title-des\">Collaborating Researcher <br>\r\nUniversity of Salamanca<br><\/div><div class=\"fig-meta\"><\/div>\n                            <\/figcaption>\n                        <\/figure><\/div>\n                <\/div><div class=\"team-clearfix\"><\/div><div class=\"col-sm-6 col-md-4\">\n                    <div class=\"profile-card profile-card-meta_classic kc-elm kc-css-366903\">\n                        <figure>\n                             <img loading=\"lazy\" decoding=\"async\" width=\"640\" height=\"480\" src=\"https:\/\/esalab.es\/wp-content\/uploads\/2020\/01\/FranciscoEncinas-1.jpg\" class=\"img-responsive\" alt=\"\" srcset=\"https:\/\/esalab.es\/wp-content\/uploads\/2020\/01\/FranciscoEncinas-1.jpg 1020w, https:\/\/esalab.es\/wp-content\/uploads\/2020\/01\/FranciscoEncinas-1-300x225.jpg 300w, https:\/\/esalab.es\/wp-content\/uploads\/2020\/01\/FranciscoEncinas-1-768x576.jpg 768w, https:\/\/esalab.es\/wp-content\/uploads\/2020\/01\/FranciscoEncinas-1-360x270.jpg 360w\" sizes=\"auto, (max-width: 640px) 100vw, 640px\" \/>\n                            <figcaption><a href=\"https:\/\/esalab.es\/en\/esalab-miembro\/d-francisco-garcia-encinas\/\"><h3 class=\"fig-title\">Mr. Francisco Garc\u00eda Encinas<\/h3><\/a><div class=\"fig-title-des\">Bachelor's Degree Student in Computer Engineering<br>\r\nUniversity of Salamanca<br><\/div><div class=\"fig-meta\"><\/div>\n                            <\/figcaption>\n                        <\/figure><\/div>\n                <\/div><div class=\"action-wrap text-right-sm kc-elm kc-css-366903\"><a href=\"https:\/\/esalab.es\/en\/team-2\/\" title=\"Equipo\" target=\"_blank\" class=\"btn btn-unsolemn btn-action\">SHOW ALL<\/a><\/div><\/div><\/div><\/div><\/div><\/section><\/p>\n","protected":false},"excerpt":{"rendered":"","protected":false},"author":1,"featured_media":0,"parent":0,"menu_order":0,"comment_status":"closed","ping_status":"closed","template":"","meta":{"inline_featured_image":false,"footnotes":""},"yst_prominent_words":[315,316,314],"class_list":["post-3665","page","type-page","status-publish","hentry"],"_links":{"self":[{"href":"https:\/\/esalab.es\/en\/wp-json\/wp\/v2\/pages\/3665","targetHints":{"allow":["GET"]}}],"collection":[{"href":"https:\/\/esalab.es\/en\/wp-json\/wp\/v2\/pages"}],"about":[{"href":"https:\/\/esalab.es\/en\/wp-json\/wp\/v2\/types\/page"}],"author":[{"embeddable":true,"href":"https:\/\/esalab.es\/en\/wp-json\/wp\/v2\/users\/1"}],"replies":[{"embeddable":true,"href":"https:\/\/esalab.es\/en\/wp-json\/wp\/v2\/comments?post=3665"}],"version-history":[{"count":0,"href":"https:\/\/esalab.es\/en\/wp-json\/wp\/v2\/pages\/3665\/revisions"}],"wp:attachment":[{"href":"https:\/\/esalab.es\/en\/wp-json\/wp\/v2\/media?parent=3665"}],"wp:term":[{"taxonomy":"yst_prominent_words","embeddable":true,"href":"https:\/\/esalab.es\/en\/wp-json\/wp\/v2\/yst_prominent_words?post=3665"}],"curies":[{"name":"wp","href":"https:\/\/api.w.org\/{rel}","templated":true}]}}