{"id":4291,"date":"2019-12-18T17:10:49","date_gmt":"2019-12-18T17:10:49","guid":{"rendered":"https:\/\/esalab.es\/?page_id=4291"},"modified":"2019-12-18T17:14:35","modified_gmt":"2019-12-18T17:14:35","slug":"partners","status":"publish","type":"page","link":"https:\/\/esalab.es\/en\/partners\/","title":{"rendered":"Partners"},"content":{"rendered":"<p><section class=\"kc-elm kc-css-202796 kc_row\"><div class=\"kc-row-container  kc-container\"><div class=\"kc-wrap-columns\"><div class=\"kc-elm kc-css-272612 kc_col-sm-3 kc_column kc_col-sm-3\"><div class=\"kc-col-container\"><div class=\"kc-elm kc-css-440054 kc_shortcode kc_single_image\">\n\n        <img decoding=\"async\" src=\"https:\/\/esalab.es\/wp-content\/uploads\/2019\/12\/Logo_UPM-1.png\" class=\"\" alt=\"\" \/>    <\/div>\n<div class=\"kc-elm kc-css-202671 kc_text_block\"><\/p>\n<p><strong>Ontology Engineering Group (OEG)<\/strong><\/p>\n<p><a href=\"http:\/\/www.oeg-upm.net\/\">http:\/\/www.oeg-upm.net\/<\/a><strong><br \/><\/strong><\/p>\n<p>\n<\/div><\/div><\/div><div class=\"kc-elm kc-css-409520 kc_col-sm-3 kc_column kc_col-sm-3\"><div class=\"kc-col-container\"><div class=\"kc-elm kc-css-593291 kc_shortcode kc_single_image\">\n\n        <img decoding=\"async\" src=\"https:\/\/esalab.es\/wp-content\/uploads\/2019\/12\/Logo_UTP_UBI.png\" class=\"\" alt=\"\" \/>    <\/div>\n<div class=\"kc-elm kc-css-62702 kc_text_block\"><\/p>\n<p><strong>Universidade Beria Interior<\/strong><\/p>\n<p><a href=\"https:\/\/www.ubi.pt\/\">https:\/\/www.ubi.pt\/<\/a><strong><br \/><\/strong><\/p>\n<p>\n<\/div><\/div><\/div><div class=\"kc-elm kc-css-386245 kc_col-sm-3 kc_column kc_col-sm-3\"><div class=\"kc-col-container\"><div class=\"kc-elm kc-css-562067 kc_shortcode kc_single_image\">\n\n        <img decoding=\"async\" src=\"https:\/\/esalab.es\/wp-content\/uploads\/2019\/12\/Logo_LEDS.png\" class=\"\" alt=\"\" \/>    <\/div>\n<div class=\"kc-elm kc-css-961705 kc_text_block\"><\/p>\n<p><b>Laboratory of Embedded and Distributed Systems<\/b><\/p>\n<p><a href=\"https:\/\/www.univali.br\/pos\/mestrado\/mestrado-em-computacao-aplicada\/grupos-de-pesquisa\/laboratory-of-embedded-and-distributed-systems-leds\/Paginas\/default.aspx\">https:\/\/www.univali.br\/pos\/mestrado\/mestrado-em-computacao-aplicada\/grupos-de-pesquisa\/laboratory-of-embedded-and-distributed-systems-leds\/Paginas\/default.aspx<\/a><\/p>\n<p>\n<\/div><\/div><\/div><div class=\"kc-elm kc-css-941645 kc_col-sm-3 kc_column kc_col-sm-3\"><div class=\"kc-col-container\"><div class=\"kc-elm kc-css-710974 kc_shortcode kc_single_image\">\n\n        <img decoding=\"async\" src=\"https:\/\/esalab.es\/wp-content\/uploads\/2019\/12\/Logo_UTP_CRV-1.png\" class=\"\" alt=\"\" \/>    <\/div>\n<div class=\"kc-elm kc-css-672015 kc_text_block\"><\/p>\n<p>Grupo de Investigaci\u00f3n Rob\u00f3tica, Sistemas Inteligentes y Simulaci\u00f3n<\/p>\n<p><a href=\"http:\/\/robotsis.utp.ac.pa\/\">http:\/\/robotsis.utp.ac.pa\/<\/a><\/p>\n<p>\n<\/div><\/div><\/div><\/div><\/div><\/section><section data-kc-fullwidth=\"row\" class=\"kc-elm kc-css-890589 kc_row\"><div class=\"kc-row-container  kc-container\"><div class=\"kc-wrap-columns\"><div class=\"kc-elm kc-css-250141 kc_col-sm-6 kc_column kc_col-sm-6\"><div class=\"kc-col-container\">\n<div class=\"kc-elm kc-css-505013 kc-title-wrap \">\n\n\t<h2 class=\"kc_title stage-title font-md lil-line\">Do you want to collaborate with our team?<\/h2>\n<\/div>\n<div class=\"kc-elm kc-css-398045 kc_text_block\"><\/p>\n<p>Contact us to collaborate in projects.<\/p>\n<p>\n<\/div><a href=\"https:\/\/esalab.es\/contact\/\" title=\"Contacto\" target=\"_self\" class=\"btn btn-action btn-gules kc-elm kc-css-28298\">Contact<\/a><\/div><\/div><div class=\"kc-elm kc-css-862997 kc_col-sm-6 kc_column kc_col-sm-6\"><div class=\"kc-col-container\"><\/div><\/div><\/div><\/div><\/section><\/p>\n","protected":false},"excerpt":{"rendered":"","protected":false},"author":1,"featured_media":3569,"parent":0,"menu_order":0,"comment_status":"closed","ping_status":"closed","template":"","meta":{"inline_featured_image":false,"footnotes":""},"yst_prominent_words":[],"class_list":["post-4291","page","type-page","status-publish","has-post-thumbnail","hentry"],"_links":{"self":[{"href":"https:\/\/esalab.es\/en\/wp-json\/wp\/v2\/pages\/4291","targetHints":{"allow":["GET"]}}],"collection":[{"href":"https:\/\/esalab.es\/en\/wp-json\/wp\/v2\/pages"}],"about":[{"href":"https:\/\/esalab.es\/en\/wp-json\/wp\/v2\/types\/page"}],"author":[{"embeddable":true,"href":"https:\/\/esalab.es\/en\/wp-json\/wp\/v2\/users\/1"}],"replies":[{"embeddable":true,"href":"https:\/\/esalab.es\/en\/wp-json\/wp\/v2\/comments?post=4291"}],"version-history":[{"count":0,"href":"https:\/\/esalab.es\/en\/wp-json\/wp\/v2\/pages\/4291\/revisions"}],"wp:featuredmedia":[{"embeddable":true,"href":"https:\/\/esalab.es\/en\/wp-json\/wp\/v2\/media\/3569"}],"wp:attachment":[{"href":"https:\/\/esalab.es\/en\/wp-json\/wp\/v2\/media?parent=4291"}],"wp:term":[{"taxonomy":"yst_prominent_words","embeddable":true,"href":"https:\/\/esalab.es\/en\/wp-json\/wp\/v2\/yst_prominent_words?post=4291"}],"curies":[{"name":"wp","href":"https:\/\/api.w.org\/{rel}","templated":true}]}}